{"id":127,"date":"2014-09-27T09:57:46","date_gmt":"2014-09-27T08:57:46","guid":{"rendered":"http:\/\/www.art-en-jeu.ch\/home_wp\/?page_id=127"},"modified":"2026-03-22T09:25:25","modified_gmt":"2026-03-22T08:25:25","slug":"a-voir","status":"publish","type":"page","link":"https:\/\/www.art-en-jeu.ch\/home_wp\/","title":{"rendered":"A voir au plus vite"},"content":{"rendered":"<p>Ici vous trouvez coups de coeur et notules! pour s&rsquo;informer et suivre l&rsquo;actualit\u00e9 artistique.<\/p>\n<p style=\"font-weight: 400;\"><span style=\"color: #0000ff;\">5 mars Yverdon-les-Bains<\/span><\/p>\n<p style=\"font-weight: 400;\">\u00a0CACY: T<em>he Wonder Way Project,<\/em> une exposition d\u2019Emmanuelle Antille, les n\u00e9buleuses et les territoires de la nuit jusqu\u2019au 25 mai. L\u2019exposition associe des installations sur \u00e9crans avec la projection d\u2019\u00e9l\u00e9ments non retenus dans le film et la pr\u00e9sentation d\u2019\u0153uvres d\u2019artistes mentionn\u00e9s dans ce film qui explore les formes et les chemins de la cr\u00e9ativit\u00e9 dans toute leur diversit\u00e9.<\/p>\n<p style=\"font-weight: 400;\"><span style=\"color: #0000ff;\">20 mars Sion<\/span><\/p>\n<p style=\"font-weight: 400;\">Genette de Sion (Ferme-asile), <em>Les restants de la col\u00e8re de Dieu,<\/em> Lucie Kohler et Caroline Tschumi jusqu\u2019au 26 avril 2026.<\/p>\n<p style=\"font-weight: 400;\">Mus\u00e9e d\u2019art du Valais <em>Les grandes inspirations<\/em> jusqu\u2019au 31 janvier 2027. Sous ce titre le mus\u00e9e pr\u00e9sente une partie de ses collections centr\u00e9es sur l\u2019\u00e9cole de Savi\u00e8se sur un \u00e9tage. On d\u00e9couvre aussi deux expositions monographique d\u2019Andriu Deplazes, Fi\u00e8vre d\u2019altitude et de Jeanne Jacob. Les autres salles proposent un bel accrochage d\u2019\u0153uvres sur papier de diff\u00e9rentes p\u00e9riodes et quelques sculptures.<\/p>\n<p style=\"font-weight: 400;\"><span style=\"color: #3366ff;\">21 mars Zurich<\/span><\/p>\n<p style=\"font-weight: 400;\">Kunsthaus Kerry James Marshall, <em>The Histories<\/em> jusqu\u2019au 16 ao\u00fbt 2026. L\u2019artiste am\u00e9ricain n\u00e9 en 1955 s\u2019affirme comme peintre d\u2019histoire et peintre de la vie moderne au sens o\u00f9 l\u2019entendait Baudelaire en traitant des sc\u00e8nes de la vie quotidienne des communaut\u00e9s noires aux Etats-Unis, mais aussi des \u00e9vocations de leur histoire. Il peint e grandes toiles sans cadre o\u00f9 s\u2019affirment une quantit\u00e9 de personnages. Cette exposition est mont\u00e9e avec la Royal Academy de Londres et le mus\u00e9e d\u2019art moderne de la ville de Paris.<\/p>\n<p style=\"font-weight: 400;\">Pour marquer le soixanti\u00e8me anniversaire de la mort d\u2019Alberto Giacometti une nouvelle pr\u00e9sentation des \u0153uvres du sculpteur est propos\u00e9e dans le b\u00e2timent Chipperfield. Les dessins et les gravures de F\u00e9licien Rops sont pr\u00e9sent\u00e9es dans le cabinet graphique jusqu\u2019au 31 mai.<\/p>\n<p><span style=\"color: #0000ff;\">Le 23 f\u00e9vrier 2026<\/span><\/p>\n<p>Jim Jarmusch (1953) fait partie des cin\u00e9astes gr\u00e2ce auxquels, on peut encore parler d\u2019art \u00e0 propos du cin\u00e9ma, raison pour laquelle je mentionne ce film sur mon site. Jim Jarmusch, <em>Father \/ Monther \/Sister Brother<\/em> un magnifique bijou o\u00f9 tout est cisel\u00e9 de la musique \u00e0 l\u2019image qui associe paysages, villes et des acteurs tr\u00e8s connus dans des r\u00f4les de composition. Le film est constitu\u00e9 de trois nouvelles distinctes qui se d\u00e9roulent aux Etats-Unis, en Irlande et \u00e0 Paris. Elles \u00e9voluent dans la lenteur de rencontres familiales plus ou moins difficiles. Tom Waits en p\u00e8re indigne qui exploite ses enfants Adam Driver le fils. Puis Charlotte Rampling en m\u00e8re qui ne veut voir ses filles qu\u2019une fois par ann\u00e9e pour un th\u00e9 et Kate Blanchett qui joue le r\u00f4le de la fille sage et Vicky Krieps la fille d\u00e9lur\u00e9e, geek et menteuse. Enfin un fr\u00e8re et une s\u0153ur jumeaux qui se retrouvent dans l\u2019appartement vides de leurs parents d\u00e9c\u00e9d\u00e9s dans un accident d\u2019avion. Cette partie est moins convaincante.<\/p>\n<p><span style=\"color: #0000ff;\">Barcelone 19 f\u00e9vrier 2026<\/span><\/p>\n<p>Pass\u00e9e de Paris \u00e0 Barcelone en tgv: d\u00e9part 7.45 arriv\u00e9e \u00e0 14h. 30, un beau parcours!MACBA<\/p>\n<p><em>Projeter une plan\u00e8te noire. L\u2019art et la culture de la Panafrique,<\/em> coproduction de l\u2019Art Institute de Chicago jusqu\u2019au 6 avril<\/p>\n<p><em>Comme une danse d\u2019\u00e9tourneaux<\/em>, regard sur la collection du Macba qui f\u00eate ses trente ans jusqu\u2019au 28 septembre<\/p>\n<p>Mus\u00e9e Picasso <em>Ubu Pintor. Alfred Jarry et les arts<\/em> jusqu\u2019au 5 avril. Evocation de l\u2019histoire de la pi\u00e8ce <em>Ubu<\/em> <em>Roi<\/em> d\u2019Alfred Jarry, de plus en plus actuelle, et de sa relation avec les artistes depuis sa cr\u00e9ation jusqu\u2019\u00e0 aujourd\u2019hui, de Pierre Bonnars \u00e0 William Kentridge.<\/p>\n<p><span style=\"color: #0000ff;\">Paris 17 f\u00e9vrier 2026<\/span><\/p>\n<p style=\"font-weight: 400;\">Fondation Cartier: <em>Exposition g\u00e9n\u00e9rale<\/em> jusqu&rsquo;au 23 ao\u00fbt 2026<\/p>\n<p style=\"font-weight: 400;\">Construit en 1855 comme grand h\u00f4tel, le b\u00e2timent devint assez rapidement grands magasins du Louvre avant de se transformer en Louvre des antiquaires. Ferm\u00e9 depuis bien des ann\u00e9es, il abrite dor\u00e9navant la Fondation Cartier apr\u00e8s une mise \u00e0 nu des structures du b\u00e2timent par Jean Nouvel. On circule comme dans une usine ou un bateau alors que les trois \u00e9tages communiquent visuellement. En pr\u00e9sentant les collections de la Fondation cette exposition fait un retour sur les expositions pr\u00e9sent\u00e9es auparavant avec des artistes phares occidentaux, mais aussi une ouverture sur toutes les cultures artistiques asiatiques, africaines, australiennes et sud am\u00e9ricaines. De grandes probl\u00e9matiques autour du r\u00f4le de l\u2019architecture, architecture et nature l\u2019\u00e9volution d\u00e9mographique avec Paul Virilio. Enfin un dialogue avec des formes d\u2019expression plus artisanales et des mati\u00e8res in\u00e9dites. On r\u00e9alise \u00e0 quel point les positions d\u00e9fendues par la Fondation Cartier ont \u00e9t\u00e9 clairement pr\u00e9curseurs de tendances de fond aujourd\u2019hui.<\/p>\n<p style=\"font-weight: 400;\">Ce qui nous vaut une pr\u00e9sentation originale et assez \u00e9loign\u00e9e de ce que l\u2019on d\u00e9couvre dans d\u2019autres pr\u00e9sentations d\u2019art contemporain.<\/p>\n<p style=\"font-weight: 400;\">Mathew Barney, Boltanski, Damien Hirst, Patti Smith, Olga de Amaral.<\/p>\n<p><span style=\"color: #0000ff;\">Gen\u00e8ve Lancy 30 janvier 2026<\/span><\/p>\n<p style=\"font-weight: 400;\">Lancy Ferme de la Chapelle\u00a0: <em>Gregory Sugnaux Almost Tender<\/em> jusqu\u2019au 15 mars.<\/p>\n<p style=\"font-weight: 400;\">Avec le train pour Annemasse on arrive \u00e0 Lancy Bachet la gare massive souterraine et d\u00e9sorientante contraste avec les architectures pavillonnaires qui bordent la route de La Chapelle. On rencontre m\u00eame le parcours du chemin de Saint Jacques qui remonte de Carouge, un chemin lat\u00e9ral s\u2019appelle chemin de Compostelle d\u2019ailleurs. La Ferme de la chapelle est un \u00e9difice h\u00e9t\u00e9roclite sur deux \u00e9tages avec un joli jardin et deux grandes portes, il pr\u00e9sente des expositions conjointement avec la villa Bernasconi qui se trouve \u00e9galement sur la commune de Lancy. Gregory Sugnaux (1989) a r\u00e9pondu avec la plus grande attention \u00e0 l\u2019invitation d\u2019occuper ce lieu une composition sonore de Christian Schulz et un texte fouill\u00e9 accompagnent la pr\u00e9sentation de 16 peintures de formats tr\u00e8s divers et une installation textile. Dans les peintures, l\u2019artiste montre une grande versatilit\u00e9 de styles passant d\u2019une forme de pontillisme \u00e0 une touche plus expressive ou des recherches sur la transparence et la r\u00e9flexion de la lumi\u00e8re. Ses images renvoient \u00e0 l\u2019univers du cin\u00e9ma : Danni de Vito dans Batman, <em>Le Penguin<\/em>, Willem Dafoe, en grenouille verte <em>The Frog<\/em> et du dessin anim\u00e9 dont il \u00e9voque des figures clefs <em>Tom &amp; Jerry<\/em> ; les clips musicaux sont aussi de ce voyage aboutissement d\u2019un travail intense. R\u00e9cemment Gregory Sugnaux a particip\u00e9 \u00e0 une exposition sur les animaux au CACY d\u2019Yverdon et fait partie des artistes s\u00e9lectionn\u00e9s \u00e0 la Biennale de La Chaux-de-Fonds.<\/p>\n<p><span style=\"color: #0000ff;\">B\u00e2le, Riehen 24 janvier 2026<\/span><\/p>\n<p style=\"font-weight: 400;\">Fondation Beyeler <span style=\"color: #0000ff;\"><em>C\u00e9zann<\/em>e<\/span> jusqu\u2019au 25 mai. L\u2019\u0153uvre tardif de Paul C\u00e9zanne est pr\u00e9sent\u00e9 \u00e0 travers les principaux th\u00e8mes d\u00e9velopp\u00e9s par l\u2019artiste : portraits, natures mortes, baigneuses, baigneurs et paysages, une salle est \u00e9galement consacr\u00e9e aux aquarelles, alors que les visiteurs sont invit\u00e9s \u00e0 pratiquer cette technique. Un film de 20\u2019 command\u00e9 \u00e0 l\u2019artiste Albert Oehlen incarne les dialogues entre C\u00e9zanne et Joachim Gasquet dans lesquels l\u2019artiste exprime ses convictions et la sp\u00e9cificit\u00e9 de sa recherche artistique.<\/p>\n<p style=\"font-weight: 400;\">Kunsthalle <em>Diambe (n\u00e9 en 1993) Bees beings beans<\/em> jusqu\u2019au 12 avril.<\/p>\n<p style=\"font-weight: 400;\">Dans la salle du premier \u00e9tage la Kunsthalle de B\u00e2le pr\u00e9sente les sculptures et les peintures de l\u2019artiste br\u00e9silien Diambe avec une forte odeur de cire d\u2019abeille.<\/p>\n<p><span style=\"color: #0000ff;\">Soleure 24 janvier 2026<\/span><\/p>\n<p style=\"font-weight: 400;\">\u00a0Mus\u00e9e des beaux-arts <em>Mehr Licht. Video in der Kunst<\/em> jusqu\u2019au 17 mai. Le mus\u00e9e des beaux-arts de Soleure propose une m\u00e9ga exposition consacr\u00e9e \u00e0 l\u2019art vid\u00e9o, surtout suisse. Une pr\u00e9sentation tr\u00e8s int\u00e9ressante qui \u00e9voque l\u2019\u00e9volution fulgurante de l\u2019image mouvante au cours des cinquante derni\u00e8res ann\u00e9es. Le Kunsthaus d\u2019Aarau s\u2019associe \u00e0 cette pr\u00e9sentation avec une exposition qui ouvre le 31 janvier jusqu&rsquo;au 25 mai.<\/p>\n<p style=\"font-weight: 400;\"><span style=\"color: #0000ff;\">Lausanne 24 janvier 2026<\/span><\/p>\n<p style=\"font-weight: 400;\">Espace Arlaud <em>Tandem<\/em> jusqu\u2019au 28 mars.<\/p>\n<p style=\"font-weight: 400;\">Visarte a invit\u00e9 6 commissaires artistes \u00e0 cr\u00e9er des tandems g\u00e9n\u00e9rationnels parmi les 20 artistes g\u00e9n\u00e9ralement membres de l\u2019association. Des rencontres improbables parfois, ou plus harmonieuses d\u2019autres fois qui invitent \u00e0 une r\u00e9flexion sur l\u2019\u00e9volution et l\u2019actualit\u00e9 des modes d\u2019expression artistique. Chaque proposition est bien distincte et l\u2019on n\u2019a pas cherch\u00e9 de synth\u00e8se ou d\u2019accord entre les diff\u00e9rentes salles.<\/p>\n<p style=\"font-weight: 400;\">\n","protected":false},"excerpt":{"rendered":"<p>Ici vous trouvez coups de coeur et notules! pour s&rsquo;informer et suivre l&rsquo;actualit\u00e9 artistique. 5 mars Yverdon-les-Bains \u00a0CACY: The Wonder Way Project, une exposition d\u2019Emmanuelle Antille, les n\u00e9buleuses et les territoires de la nuit jusqu\u2019au 25 mai. L\u2019exposition associe des installations sur \u00e9crans avec la projection d\u2019\u00e9l\u00e9ments non retenus dans le film et la pr\u00e9sentation [&hellip;]<\/p>\n","protected":false},"author":1,"featured_media":0,"parent":0,"menu_order":0,"comment_status":"open","ping_status":"open","template":"","meta":{"jetpack_post_was_ever_published":false,"footnotes":""},"class_list":["post-127","page","type-page","status-publish","hentry"],"jetpack_sharing_enabled":true,"jetpack_shortlink":"https:\/\/wp.me\/P5k6Rq-23","jetpack_likes_enabled":true,"_links":{"self":[{"href":"https:\/\/www.art-en-jeu.ch\/home_wp\/wp-json\/wp\/v2\/pages\/127","targetHints":{"allow":["GET"]}}],"collection":[{"href":"https:\/\/www.art-en-jeu.ch\/home_wp\/wp-json\/wp\/v2\/pages"}],"about":[{"href":"https:\/\/www.art-en-jeu.ch\/home_wp\/wp-json\/wp\/v2\/types\/page"}],"author":[{"embeddable":true,"href":"https:\/\/www.art-en-jeu.ch\/home_wp\/wp-json\/wp\/v2\/users\/1"}],"replies":[{"embeddable":true,"href":"https:\/\/www.art-en-jeu.ch\/home_wp\/wp-json\/wp\/v2\/comments?post=127"}],"version-history":[{"count":1139,"href":"https:\/\/www.art-en-jeu.ch\/home_wp\/wp-json\/wp\/v2\/pages\/127\/revisions"}],"predecessor-version":[{"id":5681,"href":"https:\/\/www.art-en-jeu.ch\/home_wp\/wp-json\/wp\/v2\/pages\/127\/revisions\/5681"}],"wp:attachment":[{"href":"https:\/\/www.art-en-jeu.ch\/home_wp\/wp-json\/wp\/v2\/media?parent=127"}],"curies":[{"name":"wp","href":"https:\/\/api.w.org\/{rel}","templated":true}]}}