{"id":33,"date":"2014-09-17T06:44:35","date_gmt":"2014-09-17T05:44:35","guid":{"rendered":"http:\/\/www.art-en-jeu.ch\/home_wp\/?page_id=33"},"modified":"2019-04-24T19:10:10","modified_gmt":"2019-04-24T18:10:10","slug":"a-propos","status":"publish","type":"page","link":"https:\/\/www.art-en-jeu.ch\/home_wp\/a-propos\/","title":{"rendered":"A propos"},"content":{"rendered":"<p>Ce site reprend progressivement le site art-en-jeu, publi\u00e9 par Patrick Schaefer depuis 2000, dans une nouvelle pr\u00e9sentation. Les deux versions peuvent \u00eatre consult\u00e9es. Sans\u00a0\u00a0pr\u00e9tendre couvrir toute l&rsquo;actualit\u00e9, il offre des pistes, des cheminements pour naviguer sur le web avec l&rsquo;agenda. Il propose par ailleurs des articles sur des expositions que j&rsquo;ai vues et qui m&rsquo;int\u00e9ressent. Enfin je retiens dans la chronique des informations g\u00e9n\u00e9rales sur l&rsquo;art et j&rsquo;y place des commentaires sur certaines expositons.<\/p>\n<p>Evidemment les sujets sont impos\u00e9s par l\u2019actualit\u00e9, par les institutions, les manifestations internationales, biennales, prix, Documenta. Le foisonnement est immense, l\u2019\u00e9nergie d\u00e9ploy\u00e9e par les artistes aussi et il s\u2019agit modestement de fixer quelques points de rep\u00e8res, de s&rsquo;attacher \u00e0 quelques exemples pour en fixer la m\u00e9moire quelques instants. S&rsquo;informer, suivre l&rsquo;actualit\u00e9 et en garder une trace.<\/p>\n<hr \/>\n<hr \/>\n<p>Envoyez-moi votre lettre d&rsquo;information:<\/p>\n<p>[mailpoet_form id=\u00a0\u00bb1&Prime;]<\/p>\n","protected":false},"excerpt":{"rendered":"<p>Ce site reprend progressivement le site art-en-jeu, publi\u00e9 par Patrick Schaefer depuis 2000, dans une nouvelle pr\u00e9sentation. Les deux versions peuvent \u00eatre consult\u00e9es. Sans\u00a0\u00a0pr\u00e9tendre couvrir toute l&rsquo;actualit\u00e9, il offre des pistes, des cheminements pour naviguer sur le web avec l&rsquo;agenda. Il propose par ailleurs des articles sur des expositions que j&rsquo;ai vues et qui m&rsquo;int\u00e9ressent. [&hellip;]<\/p>\n","protected":false},"author":1,"featured_media":0,"parent":0,"menu_order":0,"comment_status":"open","ping_status":"open","template":"","meta":{"jetpack_post_was_ever_published":false,"footnotes":""},"class_list":["post-33","page","type-page","status-publish","hentry"],"jetpack_sharing_enabled":true,"jetpack_shortlink":"https:\/\/wp.me\/P5k6Rq-x","jetpack_likes_enabled":true,"_links":{"self":[{"href":"https:\/\/www.art-en-jeu.ch\/home_wp\/wp-json\/wp\/v2\/pages\/33","targetHints":{"allow":["GET"]}}],"collection":[{"href":"https:\/\/www.art-en-jeu.ch\/home_wp\/wp-json\/wp\/v2\/pages"}],"about":[{"href":"https:\/\/www.art-en-jeu.ch\/home_wp\/wp-json\/wp\/v2\/types\/page"}],"author":[{"embeddable":true,"href":"https:\/\/www.art-en-jeu.ch\/home_wp\/wp-json\/wp\/v2\/users\/1"}],"replies":[{"embeddable":true,"href":"https:\/\/www.art-en-jeu.ch\/home_wp\/wp-json\/wp\/v2\/comments?post=33"}],"version-history":[{"count":8,"href":"https:\/\/www.art-en-jeu.ch\/home_wp\/wp-json\/wp\/v2\/pages\/33\/revisions"}],"predecessor-version":[{"id":3057,"href":"https:\/\/www.art-en-jeu.ch\/home_wp\/wp-json\/wp\/v2\/pages\/33\/revisions\/3057"}],"wp:attachment":[{"href":"https:\/\/www.art-en-jeu.ch\/home_wp\/wp-json\/wp\/v2\/media?parent=33"}],"curies":[{"name":"wp","href":"https:\/\/api.w.org\/{rel}","templated":true}]}}